{"id":1862,"date":"2018-09-26T11:12:55","date_gmt":"2018-09-26T09:12:55","guid":{"rendered":"http:\/\/doriatolle.com\/?page_id=1862"},"modified":"2020-09-01T11:59:56","modified_gmt":"2020-09-01T09:59:56","slug":"politica-de-cookies","status":"publish","type":"page","link":"https:\/\/doriatolle.com\/index.php\/es\/politica-de-cookies\/","title":{"rendered":"Pol\u00edtica de cookies"},"content":{"rendered":"<p style=\"margin-bottom: 12px;\">Nuestra p\u00e1gina web <a href=\"http:\/\/www.doriatolle.com\">www.doriatolle.com<\/a>, titularidad de Doria T\u00f6lle &amp; Asociados SLP (la \u201cP\u00e1gina Web\u201d), utiliza una tecnolog\u00eda denominada \u201ccookies\u201d para recabar informaci\u00f3n acerca de su uso.<\/p>\n<p>Le informamos de que podemos utilizar cookies en su equipo a condici\u00f3n de que usted haya dado su consentimiento, salvo en los supuestos en los que las cookies sean necesarias para la navegaci\u00f3n por la P\u00e1gina Web. A tal efecto, le indicamos que la utilizaci\u00f3n de las diferentes cookies por nuestra P\u00e1gina Web nos permite distinguirle a usted de otros usuarios e identificar problemas para mejorar nuestra P\u00e1gina Web.<\/p>\n<h4><em>Las cookies<\/em><\/h4>\n<p>Una cookie es un fichero que se descarga en su equipo al acceder a determinadas p\u00e1ginas web. Las cookies permiten almacenar y recuperar informaci\u00f3n sobre los h\u00e1bitos de navegaci\u00f3n de un usuario o de su equipo y, dependiendo de la informaci\u00f3n que contengan y de la forma en que utilice su equipo, pueden utilizarse para reconocer al usuario.<\/p>\n<h4><em>Tipos de cookies que utilizamos<\/em><\/h4>\n<p>El titular de la P\u00e1gina Web puede utilizar cookies para las que no es necesario obtener el consentimiento de los usuarios, por estar excluidas del \u00e1mbito de aplicaci\u00f3n del apartado 2 del art\u00edculo 22 de la Ley 34\/2002, de 11 de julio, de servicios de la sociedad de la informaci\u00f3n y de comercio electr\u00f3nico.<\/p>\n<h5 style=\"margin-bottom: 12px;\"><em>Cookies propias<\/em><\/h5>\n<p style=\"margin-bottom: 12px;\">Esta P\u00e1gina Web instala las siguientes cookies propias:<\/p>\n<p style=\"margin-bottom: 12px;\">Cookies t\u00e9cnicas: Son aqu\u00e9llas que permiten al usuario la navegaci\u00f3n a trav\u00e9s de una p\u00e1gina web, plataforma o aplicaci\u00f3n y la utilizaci\u00f3n de las diferentes opciones o servicios que en ella existan como, por ejemplo, controlar el tr\u00e1fico y la comunicaci\u00f3n de datos, identificar la sesi\u00f3n, utilizar elementos de seguridad durante la navegaci\u00f3n, almacenar contenidos para la difusi\u00f3n de videos o sonido o compartir contenidos a trav\u00e9s de redes sociales.<\/p>\n<h5 style=\"margin-bottom: 12px;\"><em>Cookies de terceros<\/em><\/h5>\n<p style=\"margin-bottom: 12px;\">Esta P\u00e1gina Web utiliza las siguientes cookies de terceros:<\/p>\n<p>Cookies anal\u00edticas: Estas cookies son instaladas por Google, Inc., sociedad de Delaware con oficina principal en 1600 Amphitheatre Parkway, Mountain View (California), CA 94043, Estados Unidos de Am\u00e9rica. Junto con los archivos de registro del servidor, nos permiten conocer el n\u00famero total de personas que visitan la P\u00e1gina Web y aquellas partes del mismo que gozan de mayor popularidad. Gracias a ellas obtenemos una informaci\u00f3n que puede ayudarnos a mejorar la navegaci\u00f3n y dar un mejor servicio a los usuarios. Este tipo de cookies nos ayudan, en definitiva, a mejorar el uso y la experiencia de uso de nuestra P\u00e1gina Web.<\/p>\n<h4><em>Revocaci\u00f3n del consentimiento<\/em><\/h4>\n<p>En cualquier caso, le informamos de que, dado que las cookies no son necesarias para el uso de la P\u00e1gina Web, usted puede revocar su consentimiento para el uso de cookies en cualquier momento bloque\u00e1ndolas a trav\u00e9s de la configuraci\u00f3n de su navegador (puede ver m\u00e1s detalles abajo). La pr\u00e1ctica mayor\u00eda de los navegadores permiten advertir de la presencia de cookies o rechazarlas autom\u00e1ticamente. Si las rechaza, podr\u00e1 seguir usando nuestra P\u00e1gina Web, aunque el uso de algunos de sus servicios podr\u00e1 ser limitado. No obstante, es preciso se\u00f1alar que si usa las configuraciones de su navegador para bloquear todas las cookies (incluidas las cookies fundamentales) puede que no tenga acceso a la totalidad o parte de nuestra P\u00e1gina Web.<\/p>\n<h4 id=\"configure\"><em>Consentimiento<\/em><\/h4>\n<p>Tenga en cuenta que, si acepta las cookies de terceros y m\u00e1s adelante desea eliminarlas permanentemente, deber\u00e1 hacerlo desde las opciones del navegador m\u00e1s abajo indicadas ya que la revocaci\u00f3n impedir\u00e1 su uso, pero no las eliminar\u00e1 al ser cookies de terceros.<\/p>\n<h4><em>Como rechazar y revocar su consentimiento<\/em><\/h4>\n<p>Puede rechazar el uso de cookies en esta P\u00e1gina Web y revocar su consentimiento o continuar us\u00e1ndolas. Configure las cookies eligiendo la opci\u00f3n deseada:<\/p>\n<div class=\"cookie-revoke-container\" style=\"color: #fff;\"><span id=\"cn-revoke-buttons\" class=\"cn-buttons-container\"><a id=\"cn-refuse-cookie\" class=\"cn-set-cookie cn-button bootstrap\" style=\"margin-right: 12px; margin-bottom: 12px;\" href=\"https:\/\/doriatolle.com\/index.php\/es\/usted-primero\/\" data-cookie-set=\"refuse\" aria-label=\"Rechazar\">Rechazar cookies<\/a><a id=\"cn-accept-cookie\" class=\"cn-set-cookie cn-button bootstrap\" href=\"https:\/\/doriatolle.com\/index.php\/es\/usted-primero\/\" data-cookie-set=\"accept\" aria-label=\"Aceptar\">Seguir us\u00e1ndolas<\/a><br \/>\n<\/span><\/div>\n<h4><em>Supresi\u00f3n de cookies<\/em><\/h4>\n<p style=\"margin-bottom: 12px;\">Tambi\u00e9n podr\u00e1 suprimir, bloquear o deshabilitar las cookies en cualquier momento mediante la configuraci\u00f3n de navegaci\u00f3n de su navegador.<\/p>\n<p style=\"margin-bottom: 12px;\">Para m\u00e1s informaci\u00f3n sobre la forma de gestionar las cookies o de revocar el consentimiento para el uso de las mismas, le remitimos al enlace pertinente en funci\u00f3n del navegador:<\/p>\n<p><a href=\"https:\/\/support.google.com\/chrome\/answer\/95647?co=GENIE.Platform%3DAndroid&amp;hl=es\" target=\"_blank\" rel=\"noopener noreferrer\">Google Chrome<\/a><br \/>\n<a href=\"https:\/\/support.microsoft.com\/es-es\/help\/17442\/windows-internet-explorer-delete-manage-cookies\" target=\"_blank\" rel=\"noopener noreferrer\">Microsoft Internet Explorer<\/a><br \/>\n<a href=\"https:\/\/support.mozilla.org\/es\/kb\/Deshabilitar%20cookies%20de%20terceros\" target=\"_blank\" rel=\"noopener noreferrer\">Mozilla Firefox<\/a><br \/>\n<a href=\"https:\/\/support.apple.com\/es-es\/guide\/safari\/sfri11471\/mac\" target=\"_blank\" rel=\"noopener noreferrer\">Safari<\/a><\/p>\n<h4><em>Cambios en la pol\u00edtica de cookies<\/em><\/h4>\n<p>Es posible que actualicemos la pol\u00edtica de cookies de nuestra P\u00e1gina Web. Por ello, le recomendamos revisar esta pol\u00edtica cada vez que acceda a nuestra P\u00e1gina Web con el objetivo de estar adecuadamente informado sobre c\u00f3mo y para qu\u00e9 usamos las cookies.<\/p>\n<h4><em>Contacto<\/em><\/h4>\n<p style=\"margin-bottom: 24px;\">Si tuviera alguna cuesti\u00f3n o comentario sobre la pol\u00edtica de cookies, puede contactarnos en la direcci\u00f3n de correo electr\u00f3nico <a href=\"mailto:legal@doriatolle.com\">legal@doriatolle.com<\/a>.<\/p>\n","protected":false},"excerpt":{"rendered":"<p>Nuestra p\u00e1gina web www.doriatolle.com, titularidad de Doria T\u00f6lle &amp; Asociados SLP (la \u201cP\u00e1gina Web\u201d), utiliza una tecnolog\u00eda denominada \u201ccookies\u201d para recabar informaci\u00f3n acerca de su uso. Le informamos de que podemos utilizar cookies en su equipo a condici\u00f3n de que usted haya dado su consentimiento, salvo en los supuestos en los que las cookies sean necesarias para la navegaci\u00f3n por&#8230;<\/p>\n","protected":false},"author":1,"featured_media":0,"parent":0,"menu_order":0,"comment_status":"closed","ping_status":"closed","template":"my-templates\/template-fullwidth.php","meta":[],"_links":{"self":[{"href":"https:\/\/doriatolle.com\/index.php\/wp-json\/wp\/v2\/pages\/1862"}],"collection":[{"href":"https:\/\/doriatolle.com\/index.php\/wp-json\/wp\/v2\/pages"}],"about":[{"href":"https:\/\/doriatolle.com\/index.php\/wp-json\/wp\/v2\/types\/page"}],"author":[{"embeddable":true,"href":"https:\/\/doriatolle.com\/index.php\/wp-json\/wp\/v2\/users\/1"}],"replies":[{"embeddable":true,"href":"https:\/\/doriatolle.com\/index.php\/wp-json\/wp\/v2\/comments?post=1862"}],"version-history":[{"count":33,"href":"https:\/\/doriatolle.com\/index.php\/wp-json\/wp\/v2\/pages\/1862\/revisions"}],"predecessor-version":[{"id":3108,"href":"https:\/\/doriatolle.com\/index.php\/wp-json\/wp\/v2\/pages\/1862\/revisions\/3108"}],"wp:attachment":[{"href":"https:\/\/doriatolle.com\/index.php\/wp-json\/wp\/v2\/media?parent=1862"}],"curies":[{"name":"wp","href":"https:\/\/api.w.org\/{rel}","templated":true}]}}