{"id":1864,"date":"2018-09-26T12:03:55","date_gmt":"2018-09-26T10:03:55","guid":{"rendered":"http:\/\/doriatolle.com\/?page_id=1864"},"modified":"2023-03-14T02:43:47","modified_gmt":"2023-03-14T00:43:47","slug":"terminos-y-condiciones-de-uso","status":"publish","type":"page","link":"https:\/\/doriatolle.com\/index.php\/es\/terminos-y-condiciones-de-uso\/","title":{"rendered":"T\u00e9rminos y condiciones de&nbsp;uso"},"content":{"rendered":"<h4><i>Informaci\u00f3n<\/i><\/h4>\n<p>Doria T\u00f6lle &amp; Asociados SLP es un despacho de abogados con domicilio en Barcelona (Espa\u00f1a), Balmes 297, 3\u00ba 2\u00aaB \u2013 08006 Barcelona y NIF B-67289132, inscrita en el Registro Mercantil de Barcelona al tomo 46583, folio 120, hoja 524575, inscripci\u00f3n 1\u00aa (en adelante, \u201cDoria T\u00f6lle\u201d, \u201cnosotros\u201d o \u201cnos\u201d).<\/p>\n<h4><i>Condiciones generales de uso<\/i><\/h4>\n<p>La utilizaci\u00f3n de la p\u00e1gina web www.doriatolle.com (la \u201cP\u00e1gina Web\u201d) y todas las URLs, subdominios y directorios incluidos bajo la misma, as\u00ed como los servicios o contenidos que a trav\u00e9s de esta P\u00e1gina Web se puedan obtener, est\u00e1n sujetos a los t\u00e9rminos recogidos y detallados en estos t\u00e9rminos y condiciones de uso (los \u201cT\u00e9rminos y Condiciones de Uso\u201d), sin perjuicio de que el acceso a alguno de dichos servicios o contenidos pueda necesitar la aceptaci\u00f3n de unas condiciones generales, particulares o adicionales. Por lo tanto, si las consideraciones detalladas en estos T\u00e9rminos y Condiciones de Uso no son de su conformidad, le rogamos que no haga uso de esta P\u00e1gina Web, ya que cualquier utilizaci\u00f3n que haga de ella o de los servicios y contenidos en ella incluidos, atribuye la condici\u00f3n de usuario de la P\u00e1gina Web (el \u201cUsuario\u201d) e implicar\u00e1 la aceptaci\u00f3n los t\u00e9rminos legales recogidos en estos T\u00e9rminos y Condiciones de Uso.<\/p>\n<p>Debido a la propia naturaleza de Internet y dada la posibilidad de que el Usuario pueda acceder a esta P\u00e1gina Web desde cualquier parte del mundo, los contenidos, as\u00ed como los servicios que en general le ofrecemos est\u00e1n dirigidos a clientes que pueden estar ubicados en cualquier pa\u00eds. No obstante, al solicitar la contrataci\u00f3n de cualquier tipo de servicios y contenidos ofrecidos, nos reservamos el derecho a rechazar la prestaci\u00f3n de servicios o el env\u00edo de contenidos, en aquellos casos que considere oportuno. Nos reservamos asimismo el derecho a realizar cambios peri\u00f3dicamente en la P\u00e1gina Web sin previo aviso, con el objeto de actualizar, corregir, modificar, a\u00f1adir, cancelar o eliminar los contenidos o el dise\u00f1o de la P\u00e1gina Web. Debido a que la actualizaci\u00f3n de la informaci\u00f3n no es inmediata, le sugerimos que compruebe siempre la vigencia y exactitud de la informaci\u00f3n, servicios y contenidos recogidos aqu\u00ed.<\/p>\n<p>Las condiciones y t\u00e9rminos de utilizaci\u00f3n que se recogen en estos T\u00e9rminos y Condiciones de Uso pueden cambiar, por lo que el Usuario deber\u00e1 revisar estos t\u00e9rminos cuando visite de nuevo la P\u00e1gina Web o solicite un nuevo servicio. Asimismo, los T\u00e9rminos y Condiciones de Uso se entender\u00e1n sin perjuicio de cualesquiera otras condiciones generales, y particulares, que regulan el acceso a bienes y servicios concretos dentro de la P\u00e1gina Web y que deber\u00e1n ser aceptados por el Usuario antes de iniciarse la prestaci\u00f3n del servicio correspondiente.<\/p>\n<h4><i>Derechos de propiedad intelectual e\u00a0industrial<\/i><\/h4>\n<p>Todos los contenidos de la P\u00e1gina Web, incluyendo, sin car\u00e1cter limitativo, el dise\u00f1o de la P\u00e1gina Web, su c\u00f3digo fuente, logotipos, im\u00e1genes, marcas y otros signos distintivos (los \u201cContenidos\u201d), pertenecen a sus respectivos autores y est\u00e1n protegidos por los correspondientes derechos de propiedad intelectual e industrial. Su utilizaci\u00f3n, reproducci\u00f3n, distribuci\u00f3n, comunicaci\u00f3n p\u00fablica, transformaci\u00f3n o cualquier otra acci\u00f3n similar, est\u00e1 totalmente prohibida salvo autorizaci\u00f3n expresa por escrito de su creador o propietario de los derechos.<\/p>\n<h4><i>Cookies<\/i><\/h4>\n<p>Nuestra P\u00e1gina Web utiliza cookies t\u00e9cnicas propias y de terceros, necesarias para identificar y gestionar la sesi\u00f3n de su navegador. Las cookies son peque\u00f1os ficheros de datos que se descargan en su ordenador con la finalidad de almacenar datos que podr\u00e1n ser actualizados y recuperados por la entidad responsable de su instalaci\u00f3n. Nuestras cookies no pueden da\u00f1ar su equipo y son necesarias para el buen funcionamiento de nuestra web.<\/p>\n<p>En cualquier caso, Ud. puede bloquear o deshabilitar las cookies en la configuraci\u00f3n de su navegador, que permite rechazar la instalaci\u00f3n de todas las cookies o de alguna de ellas. El bloqueo o no aceptaci\u00f3n de las cookies, puede limitar el uso de algunos servicios o contenidos de la P\u00e1gina Web.<\/p>\n<h4><i>Enlaces a p\u00e1ginas de terceros<\/i><\/h4>\n<p>Desde esta P\u00e1gina Web, le proporcionamos o podemos proporcionarle el acceso a otras p\u00e1ginas web de terceros que consideramos que pueden ser de su inter\u00e9s (las \u201cP\u00e1ginas Enlazadas\u201d). El objeto de estos enlaces es meramente facilitar la b\u00fasqueda de los recursos que le puedan interesar en Internet. Sin embargo, estas P\u00e1ginas Enlazadas no nos pertenecen ni hacemos una revisi\u00f3n de sus contenidos, por ello, no nos hacemos responsable de los mismos, del funcionamiento de la P\u00e1gina Enlazada o de los posibles da\u00f1os que puedan derivarse del acceso o uso de esta.<\/p>\n<p>Con car\u00e1cter general, se proh\u00edbe a terceros el enlace de y hacia la P\u00e1gina Web, a excepci\u00f3n de aquellos supuestos en los que, expresamente manifestemos lo contrario.<\/p>\n<h4><i>Frames o marcos<\/i><\/h4>\n<p>Prohibimos expresamente la realizaci\u00f3n de \u201cframings\u201d o la utilizaci\u00f3n por parte de terceros de cualesquiera otros mecanismos que alteren el dise\u00f1o, configuraci\u00f3n original o cualesquiera otros Contenidos de la P\u00e1gina web.<\/p>\n<h4><i>Protecci\u00f3n de datos<\/i><\/h4>\n<p>El responsable del tratamiento y procesamiento de sus datos personales es Doria T\u00f6lle.<\/p>\n<p>Le informamos que los datos personales que nos facilite voluntariamente a trav\u00e9s de los distintos medios previstos a tal efecto ser\u00e1n procesados para los siguientes fines: (i) para identificarle y poder contactarle; (ii) cuando estemos autorizados para ello, para enviarle informaci\u00f3n, por cualquier medio, sobre nuestros servicios, eventos, seminarios, conferencias y otras iniciativas promocionadas por nosotros; (iii) cuando nos sea solicitado, para enviarle nuestras rese\u00f1as o newsletters y otras publicaciones legales de manera regular.<\/p>\n<p>La base legal para tratar sus datos es su consentimiento y, cuando sea aplicable, la relaci\u00f3n contractual que nos una con Ud.<\/p>\n<p>Los datos que nos facilite ser\u00e1n retenidos por el tiempo necesario para asegurar el cumplimiento de nuestras obligaciones legales.<\/p>\n<p>Nuestros proveedores y suministradores de servicios con los que tengamos suscritos los acuerdos oportunos podr\u00e1n tener acceso a sus datos cuando sea necesario para asegurar nuestra relaci\u00f3n con los contactos y clientes. En cualquier caso, se adoptar\u00e1n las necesarias medidas legales y organizativas para garantizar la seguridad de y el acceso a los datos.<\/p>\n<p>De acuerdo con lo provisto en la legislaci\u00f3n en vigor de protecci\u00f3n de datos, Ud. Puede revocar en cualquier momento la autorizaci\u00f3n concedida para su tratamiento y ejercitar sus derechos de acceso, rectificaci\u00f3n, supresi\u00f3n, oposici\u00f3n y portabilidad, as\u00ed como su derecho a solicitar la limitaci\u00f3n del tratamiento de sus datos personales. Para ello, puede Ud. escribirnos adjuntando una copia del documento que acredite su identidad, envi\u00e1ndonos un correo electr\u00f3nico a la direcci\u00f3n legal@doriatolle.com.<\/p>\n<p>Le informamos tambi\u00e9n de su derecho a formular una reclamaci\u00f3n ante la Agencia Espa\u00f1ola de Protecci\u00f3n de Datos.<\/p>\n<h4><i>Responsabilidades del Usuario<\/i><\/h4>\n<p>El Usuario se compromete a utilizar los servicios de la P\u00e1gina Web de acuerdo con la Ley y con los t\u00e9rminos expresados en estos T\u00e9rminos y Condiciones de Uso, siendo responsable de su uso correcto. El Usuario que act\u00fae contra nuestra imagen, buen nombre o reputaci\u00f3n, as\u00ed como quien utilice il\u00edcita o fraudulentamente los Contenidos de la P\u00e1gina Web y\/o atente en cualquier forma contra los derechos de propiedad intelectual e industrial de la P\u00e1gina Web o de los Contenidos y servicios de esta, ser\u00e1 considerada responsable por su actuaci\u00f3n.<\/p>\n<h4><i>Exclusi\u00f3n de responsabilidad de Doria\u00a0T\u00f6lle<\/i><\/h4>\n<h5><i>Utilizaci\u00f3n incorrecta<\/i><\/h5>\n<p>Hemos creado la P\u00e1gina Web para dar a conocer nuestros servicios, pero no podemos controlar su utilizaci\u00f3n de forma distinta a la prevista en estos T\u00e9rminos y Condiciones de Uso. Por lo tanto, el acceso y uso correcto de la informaci\u00f3n contenida en la P\u00e1gina Web es responsabilidad del Usuario, no siendo nosotros responsables por el uso incorrecto, il\u00edcito o negligente que del mismo pudiera hacer el Usuario.<\/p>\n<h5><i>Contenidos<\/i><\/h5>\n<p>Realizaremos nuestros mejores esfuerzos para que, en la medida de lo posible, todos los Contenidos de la P\u00e1gina Web est\u00e9n actualizados y vigentes; sin embargo, no asumimos responsabilidad alguna respecto al uso o acceso que realicen los Usuarios fuera del \u00e1mbito meramente informativo que tiene la P\u00e1gina Web. Asimismo, no podemos controlar los Contenidos que no hayan sido elaborados por nosotros o por terceros cumpliendo nuestro encargo, por lo que no responderemos en ning\u00fan caso de los da\u00f1os, Contenidos e indisponibilidades t\u00e9cnicas que puedan causarse por parte de dichos terceros. De conformidad con lo anterior, en ning\u00fan caso la P\u00e1gina Web o sus Contenidos constituyen ni sustituyen ning\u00fan tipo de asesoramiento legal personalizado para el Usuario.<\/p>\n<h5><i>Virus<\/i><\/h5>\n<p>Realizaremos, directamente o a trav\u00e9s de nuestros proveedores tecnol\u00f3gicos, nuestros mejores esfuerzos en aplicar las medidas oportunas a nuestro alcance para intentar garantizar al Usuario la ausencia de virus, gusanos, troyanos, spam o cualquier otro elemento inform\u00e1tico da\u00f1ino en su P\u00e1gina Web. Sin embargo, estas medidas no son infalibles, por lo que no podemos asegurar la total ausencia de dichos elementos indeseables. En consecuencia, no seremos responsable de los da\u00f1os que los mismos pudieran producir al Usuario.<\/p>\n<h5><i>Errores tecnol\u00f3gicos<\/i><\/h5>\n<p>Hemos puesto los medios necesarios a nuestro alcance para la continuidad de esta P\u00e1gina Web y realizaremos nuestros mejores esfuerzos para que la misma no sufra interrupciones, pero no podemos garantizar la ausencia de errores tecnol\u00f3gicos y la permanente disponibilidad de la P\u00e1gina Web y sus Contenidos. En consecuencia, no asumimos ninguna responsabilidad por los da\u00f1os y perjuicios que puedan generarse por la falta de disponibilidad y por los fallos en el acceso ocasionados por desconexiones, aver\u00edas, sobrecargas o ca\u00eddas de la red que no nos sean imputables.<\/p>\n<h4><i>Ley aplicable y jurisdicci\u00f3n<\/i><\/h4>\n<p>La Ley aplicable en caso de disputa o conflicto de interpretaci\u00f3n de los t\u00e9rminos que conforman estos T\u00e9rminos y Condiciones de Uso, as\u00ed como cualquier cuesti\u00f3n relacionada con los servicios de la presente P\u00e1gina Web, ser\u00e1 la espa\u00f1ola. Sin perjuicio de los derechos que pudieran asistirle al Usuario en su condici\u00f3n de consumidor o usuario, para la resoluci\u00f3n de cualquier conflicto que pueda surgir con ocasi\u00f3n de la visita a la P\u00e1gina Web, nosotros y el Usuario acordamos someternos a la competencia y jurisdicci\u00f3n de los juzgados y tribunales de Barcelona.<\/p>\n","protected":false},"excerpt":{"rendered":"<p>Informaci\u00f3n Doria T\u00f6lle &amp; Asociados SLP es un despacho de abogados con domicilio en Barcelona (Espa\u00f1a), Balmes 297, 3\u00ba 2\u00aaB \u2013 08006 Barcelona y NIF B-67289132, inscrita en el Registro Mercantil de Barcelona al tomo 46583, folio 120, hoja 524575, inscripci\u00f3n 1\u00aa (en adelante, \u201cDoria T\u00f6lle\u201d, \u201cnosotros\u201d o \u201cnos\u201d). Condiciones generales de uso La utilizaci\u00f3n de la p\u00e1gina web www.doriatolle.com&#8230;<\/p>\n","protected":false},"author":1,"featured_media":0,"parent":0,"menu_order":0,"comment_status":"closed","ping_status":"closed","template":"my-templates\/template-fullwidth.php","meta":[],"_links":{"self":[{"href":"https:\/\/doriatolle.com\/index.php\/wp-json\/wp\/v2\/pages\/1864"}],"collection":[{"href":"https:\/\/doriatolle.com\/index.php\/wp-json\/wp\/v2\/pages"}],"about":[{"href":"https:\/\/doriatolle.com\/index.php\/wp-json\/wp\/v2\/types\/page"}],"author":[{"embeddable":true,"href":"https:\/\/doriatolle.com\/index.php\/wp-json\/wp\/v2\/users\/1"}],"replies":[{"embeddable":true,"href":"https:\/\/doriatolle.com\/index.php\/wp-json\/wp\/v2\/comments?post=1864"}],"version-history":[{"count":17,"href":"https:\/\/doriatolle.com\/index.php\/wp-json\/wp\/v2\/pages\/1864\/revisions"}],"predecessor-version":[{"id":3212,"href":"https:\/\/doriatolle.com\/index.php\/wp-json\/wp\/v2\/pages\/1864\/revisions\/3212"}],"wp:attachment":[{"href":"https:\/\/doriatolle.com\/index.php\/wp-json\/wp\/v2\/media?parent=1864"}],"curies":[{"name":"wp","href":"https:\/\/api.w.org\/{rel}","templated":true}]}}