{"id":2194,"date":"2019-01-11T12:44:37","date_gmt":"2019-01-11T10:44:37","guid":{"rendered":"http:\/\/doriatolle.com\/?page_id=2194"},"modified":"2019-07-24T22:39:34","modified_gmt":"2019-07-24T20:39:34","slug":"100-focalizzati-sulla-transazione","status":"publish","type":"page","link":"https:\/\/doriatolle.com\/index.php\/it\/100-focalizzati-sulla-transazione\/","title":{"rendered":"100% focalizzati sulla transazione"},"content":{"rendered":"<div class=\"row\">\n<div class=\"col-md-12\">\n<p>Il nostro obiettivo \u00e8 difendere gli interessi dei nostri clienti, offrendo loro una consulenza legale strutturata e precisa affinch\u00e9 ogni operazione sia tecnicamente realizzabile e venga portata a termine nel migliore dei modi. La nostra missione \u00e8 trovare la giusta alternativa perch\u00e9 ogni singola transazione o contratto sia solidamente strutturato per minimizzarne i rischi e non perdere di vista l\u2019obiettivo.<\/p>\n<\/div>\n<\/div>\n","protected":false},"excerpt":{"rendered":"<p>Il nostro obiettivo \u00e8 difendere gli interessi dei nostri clienti, offrendo loro una consulenza legale strutturata e precisa affinch\u00e9 ogni operazione sia tecnicamente realizzabile e venga portata a termine nel migliore dei modi. La nostra missione \u00e8 trovare la giusta alternativa perch\u00e9 ogni singola transazione o contratto sia solidamente strutturato per minimizzarne i rischi e non perdere di vista l\u2019obiettivo.<\/p>\n","protected":false},"author":1,"featured_media":0,"parent":0,"menu_order":0,"comment_status":"closed","ping_status":"closed","template":"my-templates\/template-fullwidth.php","meta":[],"_links":{"self":[{"href":"https:\/\/doriatolle.com\/index.php\/wp-json\/wp\/v2\/pages\/2194"}],"collection":[{"href":"https:\/\/doriatolle.com\/index.php\/wp-json\/wp\/v2\/pages"}],"about":[{"href":"https:\/\/doriatolle.com\/index.php\/wp-json\/wp\/v2\/types\/page"}],"author":[{"embeddable":true,"href":"https:\/\/doriatolle.com\/index.php\/wp-json\/wp\/v2\/users\/1"}],"replies":[{"embeddable":true,"href":"https:\/\/doriatolle.com\/index.php\/wp-json\/wp\/v2\/comments?post=2194"}],"version-history":[{"count":3,"href":"https:\/\/doriatolle.com\/index.php\/wp-json\/wp\/v2\/pages\/2194\/revisions"}],"predecessor-version":[{"id":2568,"href":"https:\/\/doriatolle.com\/index.php\/wp-json\/wp\/v2\/pages\/2194\/revisions\/2568"}],"wp:attachment":[{"href":"https:\/\/doriatolle.com\/index.php\/wp-json\/wp\/v2\/media?parent=2194"}],"curies":[{"name":"wp","href":"https:\/\/api.w.org\/{rel}","templated":true}]}}