{"id":2198,"date":"2019-01-11T12:47:26","date_gmt":"2019-01-11T10:47:26","guid":{"rendered":"http:\/\/doriatolle.com\/?page_id=2198"},"modified":"2019-07-24T22:41:07","modified_gmt":"2019-07-24T20:41:07","slug":"360o-orientati-al-business","status":"publish","type":"page","link":"https:\/\/doriatolle.com\/index.php\/it\/360o-orientati-al-business\/","title":{"rendered":"360\u00ba orientati al business"},"content":{"rendered":"<div class=\"row\">\n<div class=\"col-md-12\">\n<p>Siamo fermamente convinti che una consulenza legale mirata e attenta non significhi soltanto conoscere e capire il diritto, la giurisprudenza e le relative formalit\u00e0 legali, ma qualcosa di pi\u00f9. Consideriamo essenziale conoscere in profondit\u00e0 l\u2019attivit\u00e0 del cliente, le sue aspettative di crescita ed espansione, le sue capacit\u00e0 finanziarie, i rischi inerenti alla sua attivit\u00e0 o all\u2019operazione in questione. Inoltre, la consulenza deve tenere conto degli effetti collaterali (i.e. le implicazioni giuslavoristiche o fiscali) che potrebbero avere un rilevante impatto sull\u2019operazione.<\/p>\n<\/div>\n<\/div>\n","protected":false},"excerpt":{"rendered":"<p>Siamo fermamente convinti che una consulenza legale mirata e attenta non significhi soltanto conoscere e capire il diritto, la giurisprudenza e le relative formalit\u00e0 legali, ma qualcosa di pi\u00f9. Consideriamo essenziale conoscere in profondit\u00e0 l\u2019attivit\u00e0 del cliente, le sue aspettative di crescita ed espansione, le sue capacit\u00e0 finanziarie, i rischi inerenti alla sua attivit\u00e0 o all\u2019operazione in questione. Inoltre, la&#8230;<\/p>\n","protected":false},"author":1,"featured_media":0,"parent":0,"menu_order":0,"comment_status":"closed","ping_status":"closed","template":"my-templates\/template-fullwidth.php","meta":[],"_links":{"self":[{"href":"https:\/\/doriatolle.com\/index.php\/wp-json\/wp\/v2\/pages\/2198"}],"collection":[{"href":"https:\/\/doriatolle.com\/index.php\/wp-json\/wp\/v2\/pages"}],"about":[{"href":"https:\/\/doriatolle.com\/index.php\/wp-json\/wp\/v2\/types\/page"}],"author":[{"embeddable":true,"href":"https:\/\/doriatolle.com\/index.php\/wp-json\/wp\/v2\/users\/1"}],"replies":[{"embeddable":true,"href":"https:\/\/doriatolle.com\/index.php\/wp-json\/wp\/v2\/comments?post=2198"}],"version-history":[{"count":3,"href":"https:\/\/doriatolle.com\/index.php\/wp-json\/wp\/v2\/pages\/2198\/revisions"}],"predecessor-version":[{"id":2577,"href":"https:\/\/doriatolle.com\/index.php\/wp-json\/wp\/v2\/pages\/2198\/revisions\/2577"}],"wp:attachment":[{"href":"https:\/\/doriatolle.com\/index.php\/wp-json\/wp\/v2\/media?parent=2198"}],"curies":[{"name":"wp","href":"https:\/\/api.w.org\/{rel}","templated":true}]}}