{"id":2282,"date":"2019-01-12T19:57:10","date_gmt":"2019-01-12T17:57:10","guid":{"rendered":"http:\/\/doriatolle.com\/?page_id=2282"},"modified":"2020-09-08T17:01:32","modified_gmt":"2020-09-08T15:01:32","slug":"politica-di-cookies","status":"publish","type":"page","link":"https:\/\/doriatolle.com\/index.php\/it\/politica-di-cookies\/","title":{"rendered":"Politica di cookies"},"content":{"rendered":"<p style=\"margin-bottom: 12px;\">Il nostro sito web <a href=\"http:\/\/www.doriatolle.com\">www.doriatolle.com<\/a>, di propriet\u00e0 di Doria T\u00f6lle &amp; Asociados SLP (il &#8220;Sito Web&#8221;), utilizza una tecnologia chiamata &#8220;cookie&#8221; per raccogliere informazioni sul suo utilizzo.<\/p>\n<p>La informiamo che possiamo utilizzare i cookie sul suo computer a condizione che lei abbia dato il suo consenso, ad eccezione dei casi in cui i cookie sono necessari per la navigazione sulla pagina web. A tal fine, indichiamo che l&#8217;utilizzo dei diversi cookie da parte del nostro sito web ci permette di distinguere l&#8217;utente da altri utenti e di identificare i problemi al fine di migliorare il nostro sito web.<\/p>\n<h4><em>Cookies<\/em><\/h4>\n<p>Un cookie \u00e8 un file che viene scaricato sul vostro computer quando accedete a determinati siti web. I cookie possono memorizzare e recuperare informazioni sulle abitudini di navigazione di un utente o del suo computer e, a seconda delle informazioni che contengono e del modo in cui utilizzano il computer, possono essere utilizzati per riconoscere l&#8217;utente.<\/p>\n<h4><em>Tipi di cookie utilizzati<\/em><\/h4>\n<p>Il titolare del Sito pu\u00f2 utilizzare cookies per i quali non \u00e8 necessario ottenere il consenso degli utenti, in quanto sono esclusi dall&#8217;ambito di applicazione dell&#8217;articolo 22, paragrafo 2, della legge 34\/2002, dell&#8217;11 luglio 2002, relativa ai servizi della societ\u00e0 dell&#8217;informazione e al commercio elettronico.<\/p>\n<h5 style=\"margin-bottom: 12px;\"><em>Cookies propri<\/em><\/h5>\n<p style=\"margin-bottom: 12px;\">Questo Sito Web installa i seguenti cookie propri:<\/p>\n<p style=\"margin-bottom: 12px;\">Cookies tecnici: permettono all&#8217;utente di navigare attraverso un sito web, una piattaforma o un&#8217;applicazione e di utilizzare le diverse opzioni o servizi che vi esistono, come, ad esempio, il controllo del traffico e della comunicazione di dati, l&#8217;identificazione della sessione, l&#8217;utilizzo di elementi di sicurezza durante la navigazione, la memorizzazione di contenuti per la diffusione di video o suoni o la condivisione di contenuti attraverso i social network.<\/p>\n<h5 style=\"margin-bottom: 12px;\"><em>Cookies di terzi<\/em><\/h5>\n<p style=\"margin-bottom: 12px;\">Questo Sito Web utilizza i seguenti cookie di terze parti:<\/p>\n<p>Cookie analitici: Questi cookie sono impostati da Google, Inc., una societ\u00e0 del Delaware con sede principale al 1600 Amphitheatre Parkway, Mountain View (California), CA 94043, Stati Uniti d&#8217;America. Insieme ai file di log del server, ci permettono di conoscere il numero totale di persone che visitano la pagina Web e le parti pi\u00f9 popolari. Ci forniscono informazioni che possono aiutarci a migliorare la navigazione e a fornire un servizio migliore agli utenti. I cookie ci aiutano a migliorare l&#8217;uso e l&#8217;esperienza del nostro sito web.<\/p>\n<h4><em>Ritiro del consenso<\/em><\/h4>\n<p>In ogni caso, vi informiamo che, poich\u00e9 i cookie non sono necessari per l&#8217;utilizzo del Sito Web, potete revocare il vostro consenso all&#8217;utilizzo dei cookie in qualsiasi momento bloccandoli attraverso le impostazioni del vostro browser (vedi dettagli qui sotto). La maggior parte dei browser consente di essere avvisati della presenza di cookie o di rifiutarli automaticamente. Se li rifiutate, potete comunque utilizzare il nostro sito web, anche se l&#8217;uso di alcuni dei suoi servizi potrebbe essere limitato. Tuttavia, si prega di notare che se si utilizzano le impostazioni del browser per bloccare tutti i cookie (inclusi i cookie essenziali), potrebbe non essere possibile accedere a tutto o parte del nostro Sito.<\/p>\n<h4 id=\"configure\"><em>Consenso<\/em><\/h4>\n<p>Si prega di notare che se si accettano cookie di terzi e successivamente si desidera cancellarli definitivamente, \u00e8 necessario farlo dalle opzioni del browser qui sotto, in quanto la revoca ne impedir\u00e0 l&#8217;uso, ma non li rimuover\u00e0 in quanto si tratta di cookie di terzi.<\/p>\n<h4><em>Come rifiutare e revocare il consenso<\/em><\/h4>\n<p>Potete rifiutare l&#8217;uso dei cookie su questo Sito Web e revocare il vostro consenso o continuare ad utilizzarli. Impostare i cookie scegliendo l&#8217;opzione desiderata:<\/p>\n<div class=\"cookie-revoke-container\" style=\"color: #fff;\"><span id=\"cn-revoke-buttons\" class=\"cn-buttons-container\"><a id=\"cn-refuse-cookie\" class=\"cn-set-cookie cn-button bootstrap\" style=\"margin-right: 12px; margin-bottom: 12px;\" href=\"https:\/\/doriatolle.com\/index.php\/it\/prima-tu\/\" data-cookie-set=\"refuse\" aria-label=\"Rifiutar\">Rifiuta i cookie<\/a><a id=\"cn-accept-cookie\" class=\"cn-set-cookie cn-button bootstrap\" href=\"https:\/\/doriatolle.com\/index.php\/it\/prima-tu\/\" data-cookie-set=\"accept\" aria-label=\"Accettar\">Continua ad usarli<\/a><br \/>\n<\/span><\/div>\n<h4><em>Cancellazione dei cookie<\/em><\/h4>\n<p style=\"margin-bottom: 12px;\">\u00c8 inoltre possibile cancellare, bloccare o disattivare i cookie in qualsiasi momento attraverso le impostazioni di navigazione del browser.<\/p>\n<p style=\"margin-bottom: 12px;\">Per ulteriori informazioni su come gestire i cookie o revocare il consenso al loro utilizzo, vi rimandiamo al relativo link a seconda del vostro browser:<\/p>\n<p><a href=\"https:\/\/support.google.com\/chrome\/answer\/95647?co=GENIE.Platform%3DAndroid&amp;hl=it\" target=\"_blank\" rel=\"noopener noreferrer\">Google Chrome<\/a><br \/>\n<a href=\"https:\/\/support.microsoft.com\/it-it\/help\/17442\/windows-internet-explorer-delete-manage-cookies\" target=\"_blank\" rel=\"noopener noreferrer\">Microsoft Internet Explorer<\/a><br \/>\n<a href=\"https:\/\/support.mozilla.org\/it\/kb\/Disattivare%20i%20cookie%20di%20terze%20parti\" target=\"_blank\" rel=\"noopener noreferrer\">Mozilla Firefox<\/a><br \/>\n<a href=\"https:\/\/support.apple.com\/it-it\/guide\/safari\/sfri11471\/mac\" target=\"_blank\" rel=\"noopener noreferrer\">Safari<\/a><\/p>\n<h4><em>Modifiche alla politica dei cookie<\/em><\/h4>\n<p>Potremmo aggiornare la politica sui cookie del nostro sito web. Pertanto, vi raccomandiamo di rivedere questa politica ogni volta che accedete al nostro sito web per essere adeguatamente informati su come e per cosa utilizziamo i cookie.<\/p>\n<h4><em>Contatto<\/em><\/h4>\n<p style=\"margin-bottom: 24px;\">Se avete domande o commenti sulla politica dei cookie, potete contattarci all&#8217;indirizzo e-mail <a href=\"mailto:legal@doriatolle.com\">legal@doriatolle.com<\/a>.<\/p>\n","protected":false},"excerpt":{"rendered":"<p>Il nostro sito web www.doriatolle.com, di propriet\u00e0 di Doria T\u00f6lle &amp; Asociados SLP (il &#8220;Sito Web&#8221;), utilizza una tecnologia chiamata &#8220;cookie&#8221; per raccogliere informazioni sul suo utilizzo. La informiamo che possiamo utilizzare i cookie sul suo computer a condizione che lei abbia dato il suo consenso, ad eccezione dei casi in cui i cookie sono necessari per la navigazione sulla&#8230;<\/p>\n","protected":false},"author":1,"featured_media":0,"parent":0,"menu_order":0,"comment_status":"closed","ping_status":"closed","template":"my-templates\/template-fullwidth.php","meta":[],"_links":{"self":[{"href":"https:\/\/doriatolle.com\/index.php\/wp-json\/wp\/v2\/pages\/2282"}],"collection":[{"href":"https:\/\/doriatolle.com\/index.php\/wp-json\/wp\/v2\/pages"}],"about":[{"href":"https:\/\/doriatolle.com\/index.php\/wp-json\/wp\/v2\/types\/page"}],"author":[{"embeddable":true,"href":"https:\/\/doriatolle.com\/index.php\/wp-json\/wp\/v2\/users\/1"}],"replies":[{"embeddable":true,"href":"https:\/\/doriatolle.com\/index.php\/wp-json\/wp\/v2\/comments?post=2282"}],"version-history":[{"count":6,"href":"https:\/\/doriatolle.com\/index.php\/wp-json\/wp\/v2\/pages\/2282\/revisions"}],"predecessor-version":[{"id":3126,"href":"https:\/\/doriatolle.com\/index.php\/wp-json\/wp\/v2\/pages\/2282\/revisions\/3126"}],"wp:attachment":[{"href":"https:\/\/doriatolle.com\/index.php\/wp-json\/wp\/v2\/media?parent=2282"}],"curies":[{"name":"wp","href":"https:\/\/api.w.org\/{rel}","templated":true}]}}