{"id":2455,"date":"2019-04-01T15:56:37","date_gmt":"2019-04-01T13:56:37","guid":{"rendered":"http:\/\/doriatolle.com\/?page_id=2455"},"modified":"2019-07-24T22:40:15","modified_gmt":"2019-07-24T20:40:15","slug":"100-dedicacio-completa","status":"publish","type":"page","link":"https:\/\/doriatolle.com\/index.php\/ca\/100-dedicacio-completa\/","title":{"rendered":"100% dedicaci\u00f3 completa"},"content":{"rendered":"<div class=\"row\">\n<div class=\"col-md-12\">\n<p>El nostre objectiu \u00e9s defensar els interessos dels nostres clients, oferint-los un assessorament legal amb criteri perqu\u00e8 l&#8217;operaci\u00f3 sigui factible t\u00e8cnicament i per a ajudar-los a aconseguir que la mateixa es dugui a terme. Treballem per a trobar l&#8217;alternativa correcta per a estructurar cada transacci\u00f3 o contracte, per a minimitzar els riscos sense deixar d&#8217;aconseguir l&#8217;objectiu.<\/p>\n<\/div>\n<\/div>\n","protected":false},"excerpt":{"rendered":"<p>El nostre objectiu \u00e9s defensar els interessos dels nostres clients, oferint-los un assessorament legal amb criteri perqu\u00e8 l&#8217;operaci\u00f3 sigui factible t\u00e8cnicament i per a ajudar-los a aconseguir que la mateixa es dugui a terme. Treballem per a trobar l&#8217;alternativa correcta per a estructurar cada transacci\u00f3 o contracte, per a minimitzar els riscos sense deixar d&#8217;aconseguir l&#8217;objectiu.<\/p>\n","protected":false},"author":1,"featured_media":0,"parent":0,"menu_order":0,"comment_status":"closed","ping_status":"closed","template":"my-templates\/template-fullwidth.php","meta":[],"_links":{"self":[{"href":"https:\/\/doriatolle.com\/index.php\/wp-json\/wp\/v2\/pages\/2455"}],"collection":[{"href":"https:\/\/doriatolle.com\/index.php\/wp-json\/wp\/v2\/pages"}],"about":[{"href":"https:\/\/doriatolle.com\/index.php\/wp-json\/wp\/v2\/types\/page"}],"author":[{"embeddable":true,"href":"https:\/\/doriatolle.com\/index.php\/wp-json\/wp\/v2\/users\/1"}],"replies":[{"embeddable":true,"href":"https:\/\/doriatolle.com\/index.php\/wp-json\/wp\/v2\/comments?post=2455"}],"version-history":[{"count":4,"href":"https:\/\/doriatolle.com\/index.php\/wp-json\/wp\/v2\/pages\/2455\/revisions"}],"predecessor-version":[{"id":2572,"href":"https:\/\/doriatolle.com\/index.php\/wp-json\/wp\/v2\/pages\/2455\/revisions\/2572"}],"wp:attachment":[{"href":"https:\/\/doriatolle.com\/index.php\/wp-json\/wp\/v2\/media?parent=2455"}],"curies":[{"name":"wp","href":"https:\/\/api.w.org\/{rel}","templated":true}]}}