{"id":2458,"date":"2019-04-01T15:54:24","date_gmt":"2019-04-01T13:54:24","guid":{"rendered":"http:\/\/doriatolle.com\/?page_id=2458"},"modified":"2019-07-24T22:38:43","modified_gmt":"2019-07-24T20:38:43","slug":"30-anys-experiencia","status":"publish","type":"page","link":"https:\/\/doriatolle.com\/index.php\/ca\/30-anys-experiencia\/","title":{"rendered":"30+ anys d&#8217;experi\u00e8ncia"},"content":{"rendered":"<div class=\"row\">\n<p>La nostra experi\u00e8ncia en la pr\u00e0ctica de l&#8217;advocacia i oferint assessorament legal suma m\u00e9s de 30 anys. Durant aquest temps hem assessorat un gran nombre de grups locals i estrangers, empreses familiars i emprenedors en diversos sectors o ind\u00fastries, defensant els seus interessos a Espanya i a l&#8217;estranger.<\/p>\n<p>Per\u00f2 aix\u00f2 no significa que ens fixem nom\u00e9s en el passat. Com la llei i el negoci estan subjectes a canvis, evoluci\u00f3 (i revoluci\u00f3), la nostra experi\u00e8ncia ens ajuda a identificar les tend\u00e8ncies, els temes legals innovadors i a mai oblidar que el nostre assessorament nom\u00e9s \u00e9s valorat si estem prop dels nostres clients, dels reptes dels seus negocis i de les seves implicacions legals.<\/p>\n<\/div>\n","protected":false},"excerpt":{"rendered":"<p>La nostra experi\u00e8ncia en la pr\u00e0ctica de l&#8217;advocacia i oferint assessorament legal suma m\u00e9s de 30 anys. Durant aquest temps hem assessorat un gran nombre de grups locals i estrangers, empreses familiars i emprenedors en diversos sectors o ind\u00fastries, defensant els seus interessos a Espanya i a l&#8217;estranger. Per\u00f2 aix\u00f2 no significa que ens fixem nom\u00e9s en el passat. Com&#8230;<\/p>\n","protected":false},"author":1,"featured_media":0,"parent":0,"menu_order":0,"comment_status":"closed","ping_status":"closed","template":"my-templates\/template-fullwidth.php","meta":[],"_links":{"self":[{"href":"https:\/\/doriatolle.com\/index.php\/wp-json\/wp\/v2\/pages\/2458"}],"collection":[{"href":"https:\/\/doriatolle.com\/index.php\/wp-json\/wp\/v2\/pages"}],"about":[{"href":"https:\/\/doriatolle.com\/index.php\/wp-json\/wp\/v2\/types\/page"}],"author":[{"embeddable":true,"href":"https:\/\/doriatolle.com\/index.php\/wp-json\/wp\/v2\/users\/1"}],"replies":[{"embeddable":true,"href":"https:\/\/doriatolle.com\/index.php\/wp-json\/wp\/v2\/comments?post=2458"}],"version-history":[{"count":3,"href":"https:\/\/doriatolle.com\/index.php\/wp-json\/wp\/v2\/pages\/2458\/revisions"}],"predecessor-version":[{"id":2566,"href":"https:\/\/doriatolle.com\/index.php\/wp-json\/wp\/v2\/pages\/2458\/revisions\/2566"}],"wp:attachment":[{"href":"https:\/\/doriatolle.com\/index.php\/wp-json\/wp\/v2\/media?parent=2458"}],"curies":[{"name":"wp","href":"https:\/\/api.w.org\/{rel}","templated":true}]}}