{"id":2467,"date":"2019-04-01T16:01:13","date_gmt":"2019-04-01T14:01:13","guid":{"rendered":"http:\/\/doriatolle.com\/?page_id=2467"},"modified":"2019-07-24T22:42:00","modified_gmt":"2019-07-24T20:42:00","slug":"360-visio","status":"publish","type":"page","link":"https:\/\/doriatolle.com\/index.php\/ca\/360-visio\/","title":{"rendered":"360\u00ba visi\u00f3 integral"},"content":{"rendered":"<div class=\"row\">\n<div class=\"col-md-12\">\n<p>Creiem que l&#8217;assessorament legal de valor requereix una mica m\u00e9s que nom\u00e9s con\u00e8ixer i entendre la llei, la jurisprud\u00e8ncia i les seves formalitats legals.\u00a0Creiem que \u00e9s essencial aconseguir un coneixement profund del negoci del client, els seus plans de creixement i expansi\u00f3, les seves capacitats financeres, els riscos inherents a la seva activitat i els de l&#8217;operaci\u00f3.\u00a0A m\u00e9s, aquest assessorament ha d&#8217;assenyalar altres potencials efectes \u201ccol\u00b7laterals\u201d (v.g., implicacions laborals o fiscals) que puguin tenir un impacte significatiu en l&#8217;operaci\u00f3.<\/p>\n<\/div>\n<\/div>\n","protected":false},"excerpt":{"rendered":"<p>Creiem que l&#8217;assessorament legal de valor requereix una mica m\u00e9s que nom\u00e9s con\u00e8ixer i entendre la llei, la jurisprud\u00e8ncia i les seves formalitats legals.\u00a0Creiem que \u00e9s essencial aconseguir un coneixement profund del negoci del client, els seus plans de creixement i expansi\u00f3, les seves capacitats financeres, els riscos inherents a la seva activitat i els de l&#8217;operaci\u00f3.\u00a0A m\u00e9s, aquest assessorament&#8230;<\/p>\n","protected":false},"author":1,"featured_media":0,"parent":0,"menu_order":0,"comment_status":"closed","ping_status":"closed","template":"my-templates\/template-fullwidth.php","meta":[],"_links":{"self":[{"href":"https:\/\/doriatolle.com\/index.php\/wp-json\/wp\/v2\/pages\/2467"}],"collection":[{"href":"https:\/\/doriatolle.com\/index.php\/wp-json\/wp\/v2\/pages"}],"about":[{"href":"https:\/\/doriatolle.com\/index.php\/wp-json\/wp\/v2\/types\/page"}],"author":[{"embeddable":true,"href":"https:\/\/doriatolle.com\/index.php\/wp-json\/wp\/v2\/users\/1"}],"replies":[{"embeddable":true,"href":"https:\/\/doriatolle.com\/index.php\/wp-json\/wp\/v2\/comments?post=2467"}],"version-history":[{"count":3,"href":"https:\/\/doriatolle.com\/index.php\/wp-json\/wp\/v2\/pages\/2467\/revisions"}],"predecessor-version":[{"id":2583,"href":"https:\/\/doriatolle.com\/index.php\/wp-json\/wp\/v2\/pages\/2467\/revisions\/2583"}],"wp:attachment":[{"href":"https:\/\/doriatolle.com\/index.php\/wp-json\/wp\/v2\/media?parent=2467"}],"curies":[{"name":"wp","href":"https:\/\/api.w.org\/{rel}","templated":true}]}}