{"id":2475,"date":"2019-04-01T16:32:14","date_gmt":"2019-04-01T14:32:14","guid":{"rendered":"http:\/\/doriatolle.com\/?page_id=2475"},"modified":"2023-03-14T02:45:58","modified_gmt":"2023-03-14T00:45:58","slug":"termes-i-condicions-us","status":"publish","type":"page","link":"https:\/\/doriatolle.com\/index.php\/ca\/termes-i-condicions-us\/","title":{"rendered":"Termes i condicions d&#8217;\u00fas"},"content":{"rendered":"<h4><i>Informaci\u00f3<\/i><\/h4>\n<p>Doria T\u00f6lle &amp; Associats SLP \u00e9s un despatx d&#8217;advocats amb domicili a Barcelona (Espanya), Balmes 297, 3\u00ba 2\u00aaB \u2013 08006 Barcelona i NIF B-67289132, inscrita en el Registre Mercantil de Barcelona al tom 46583, foli 120, fulla 524575, inscripci\u00f3 1a (d&#8217;ara endavant, \u201cDoria T\u00f6lle\u201d, \u201cnosaltres\u201d o \u201cens\u201d).<\/p>\n<h4><i>Condicions generals d&#8217;\u00fas<\/i><\/h4>\n<p>La utilitzaci\u00f3 de la p\u00e0gina web www.doriatolle.com (la \u201cP\u00e0gina Web\u201d) i totes les URLs, subdominis i directoris inclosos sota aquesta, aix\u00ed com els serveis o continguts que a trav\u00e9s d&#8217;aquesta P\u00e0gina Web es puguin obtenir, estan subjectes als termes recollits i detallats en aquests termes i condicions d&#8217;\u00fas (els \u201cTermes i Condicions d&#8217;\u00das\u201d), sense perjudici que l&#8217;acc\u00e9s a algun d&#8217;aquests serveis o continguts pugui necessitar l&#8217;acceptaci\u00f3 d&#8217;unes condicions generals, particulars o addicionals. Per tant, si les consideracions detallades en aquests Termes i Condicions d&#8217;\u00das no s\u00f3n de la seva conformitat, li preguem que no faci \u00fas d&#8217;aquesta P\u00e0gina Web, ja que qualsevol utilitzaci\u00f3 que faci d&#8217;ella o dels serveis i continguts en ella inclosos, atribueix la condici\u00f3 d&#8217;usuari de la P\u00e0gina Web (el \u201cUsuari\u201d) i implicar\u00e0 l&#8217;acceptaci\u00f3 els termes legals recollits en aquests Termes i Condicions d&#8217;\u00das.<\/p>\n<p>A causa de la pr\u00f2pia naturalesa d&#8217;Internet i donada la possibilitat que l&#8217;Usuari pugui accedir a aquesta P\u00e0gina Web des de qualsevol part del m\u00f3n, els continguts, aix\u00ed com els serveis que en general li oferim estan dirigits a clients que poden estar situats en qualsevol pa\u00eds. No obstant aix\u00f2, en sol\u00b7licitar la contractaci\u00f3 de qualsevol tipus de serveis i continguts oferts, ens reservem el dret a rebutjar la prestaci\u00f3 de serveis o l&#8217;enviament de continguts, en aquells casos que consideri oport\u00fa. Ens reservem aix\u00ed mateix el dret a realitzar canvis peri\u00f2dicament en la P\u00e0gina Web sense previ av\u00eds, a fi d&#8217;actualitzar, corregir, modificar, afegir, cancel\u00b7lar o eliminar els continguts o el disseny de la P\u00e0gina Web. Pel fet que l&#8217;actualitzaci\u00f3 de la informaci\u00f3 no \u00e9s immediata, li suggerim que comprovi sempre la vig\u00e8ncia i exactitud de la informaci\u00f3, serveis i continguts recollits aqu\u00ed.<\/p>\n<p>Les condicions i termes d&#8217;utilitzaci\u00f3 que es recullen en aquests Termes i Condicions d&#8217;\u00das poden canviar, per la qual cosa l&#8217;Usuari haur\u00e0 de revisar aquests termes quan visiti de nou la P\u00e0gina Web o sol\u00b7liciti un nou servei. Aix\u00ed mateix, els Termes i Condicions d&#8217;\u00das s&#8217;entendran sense perjudici de qualssevol altres condicions generals, i particulars, que regulen l&#8217;acc\u00e9s a b\u00e9ns i serveis concrets dins de la P\u00e0gina Web i que hauran de ser acceptats per l&#8217;Usuari abans d&#8217;iniciar-se la prestaci\u00f3 del servei corresponent.<\/p>\n<h4><i>Drets de propietat intel\u00b7lectual i\u00a0industrial<\/i><\/h4>\n<p>Tots els continguts de la P\u00e0gina Web, incloent, sense car\u00e0cter limitatiu, el disseny de la P\u00e0gina Web, el seu codi font, logotips, imatges, marques i altres signes distintius (els \u201cContinguts\u201d), pertanyen als seus respectius autors i estan protegits pels corresponents drets de propietat intel\u00b7lectual i industrial. La seva utilitzaci\u00f3, reproducci\u00f3, distribuci\u00f3, comunicaci\u00f3 p\u00fablica, transformaci\u00f3 o qualsevol altra acci\u00f3 similar, est\u00e0 totalment prohibida excepte autoritzaci\u00f3 expressa per escrit del seu creador o propietari dels drets.<\/p>\n<h4><i>Cookies<\/i><\/h4>\n<p>La nostra P\u00e0gina Web utilitza cookies t\u00e8cniques pr\u00f2pies i de tercers, necess\u00e0ries per a identificar i gestionar la sessi\u00f3 del seu navegador. Les cookies s\u00f3n petits fitxers de dades que es descarreguen en el seu ordinador amb la finalitat d&#8217;emmagatzemar dades que podran ser actualitzats i recuperats per l&#8217;entitat responsable de la seva instal\u00b7laci\u00f3. Les nostres cookies no poden danyar el seu equip i s\u00f3n necess\u00e0ries per al bon funcionament de la nostra web.<\/p>\n<p>En qualsevol cas, Vost\u00e8 pot bloquejar o deshabilitar les cookies en la configuraci\u00f3 del seu navegador, que permet rebutjar la instal\u00b7laci\u00f3 de totes les cookies o d&#8217;alguna d&#8217;elles. El bloqueig o no acceptaci\u00f3 de les cookies, pot limitar l&#8217;\u00fas d&#8217;alguns serveis o continguts de la P\u00e0gina Web.<\/p>\n<h4><i>Enlla\u00e7os a p\u00e0gines de tercers<\/i><\/h4>\n<p>Des d&#8217;aquesta P\u00e0gina Web, li proporcionem o podem proporcionar-li l&#8217;acc\u00e9s a altres p\u00e0gines web de tercers que considerem que poden ser del seu inter\u00e8s (les \u201cP\u00e0gines Enlla\u00e7ades\u201d). L&#8217;objecte d&#8217;aquests enlla\u00e7os \u00e9s merament facilitar la cerca dels recursos que li puguin interessar en Internet. No obstant aix\u00f2, aquestes P\u00e0gines Enlla\u00e7ades no ens pertanyen ni fem una revisi\u00f3 dels seus continguts, per aix\u00f2, no ens fem responsable d&#8217;aquests, del funcionament de la P\u00e0gina Enlla\u00e7ada o dels possibles danys que puguin derivar-se de l&#8217;acc\u00e9s o \u00fas d&#8217;aquesta.<\/p>\n<p>Amb car\u00e0cter general, es prohibeix a tercers l&#8217;enlla\u00e7 d&#8217;i cap a la P\u00e0gina Web, a excepci\u00f3 d&#8217;aquells sup\u00f2sits en els quals, expressament manifestem el contrari.<\/p>\n<h4><i>Frames o marcs<\/i><\/h4>\n<p>Prohibim expressament la realitzaci\u00f3 de \u201cframings\u201d o la utilitzaci\u00f3 per part de tercers de qualssevol altres mecanismes que alterin el disseny, configuraci\u00f3 original o qualssevol altres Continguts de la P\u00e0gina web.<\/p>\n<h4><i>Protecci\u00f3 de dades<\/i><\/h4>\n<p>El responsable del tractament i processament de les seves dades personals \u00e9s Doria T\u00f6lle.<\/p>\n<p>L&#8217;informem que les dades personals que ens faciliti volunt\u00e0riament a trav\u00e9s dels diferents mitjans previstos a aquest efecte seran processats per a les seg\u00fcents finalitats: (i) per a identificar-li i poder contactar-li; (ii) quan estiguem autoritzats per a aix\u00f2, per a enviar-li informaci\u00f3, per qualsevol mitj\u00e0, sobre els nostres serveis, esdeveniments, seminaris, confer\u00e8ncies i altres iniciatives promocionades per nosaltres; (iii) quan ens sigui sol\u00b7licitat, per a enviar-li nostres ressenyes o newsletters i altres publicacions legals de manera regular.<\/p>\n<p>La base legal per a tractar les seves dades \u00e9s el seu consentiment i, quan sigui aplicable, la relaci\u00f3 contractual que ens uneixi amb Vost\u00e8.<\/p>\n<p>Les dades que ens faciliti seran retinguts pel temps necessari per a assegurar el compliment de les nostres obligacions legals.<\/p>\n<p>Els nostres prove\u00efdors i subministradors de serveis amb els quals tinguem subscrits els acords oportuns podran tenir acc\u00e9s a les seves dades quan sigui necessari per a assegurar la nostra relaci\u00f3 amb els contactes i clients. En qualsevol cas, s&#8217;adoptaran les necess\u00e0ries mesures legals i organitzatives per a garantir la seguretat d&#8217;i l&#8217;acc\u00e9s a les dades.<\/p>\n<p>D&#8217;acord amb el prove\u00eft en la legislaci\u00f3 en vigor de protecci\u00f3 de dades, Vost\u00e8 Pot revocar en qualsevol moment l&#8217;autoritzaci\u00f3 concedida per al seu tractament i exercitar els seus drets d&#8217;acc\u00e9s, rectificaci\u00f3, supressi\u00f3, oposici\u00f3 i portabilitat, aix\u00ed com el seu dret a sol\u00b7licitar la limitaci\u00f3 del tractament de les seves dades personals. Per a aix\u00f2, pot Vost\u00e8 escriure&#8217;ns adjuntant una c\u00f2pia del document que acrediti la seva identitat, enviant-nos un correu electr\u00f2nic a l&#8217;adre\u00e7a legal@doriatolle.com.<\/p>\n<p>L&#8217;informem tamb\u00e9 del seu dret a formular una reclamaci\u00f3 davant l&#8217;Ag\u00e8ncia Espanyola de Protecci\u00f3 de Dades.<\/p>\n<h4><i>Responsabilitats de l&#8217;Usuari<\/i><\/h4>\n<p>L&#8217;Usuari es compromet a utilitzar els serveis de la P\u00e0gina Web d&#8217;acord amb la Llei i amb els termes expressats en aquests Termes i Condicions d&#8217;\u00das, sent responsable del seu \u00fas correcte. L&#8217;Usuari que actu\u00ef contra la nostra imatge, bon nom o reputaci\u00f3, aix\u00ed com qui utilitzi il\u00b7l\u00edcita o fraudulentament els Continguts de la P\u00e0gina Web i\/o atempti en qualsevol forma contra els drets de propietat intel\u00b7lectual i industrial de la P\u00e0gina Web o dels Continguts i serveis d&#8217;aquesta, ser\u00e0 considerada responsable per la seva actuaci\u00f3.<\/p>\n<h4><i>Exclusi\u00f3 de responsabilitat de Doria\u00a0T\u00f6lle<\/i><\/h4>\n<h5><i>Utilitzaci\u00f3 incorrecta<\/i><\/h5>\n<p>Hem creat la P\u00e0gina Web per a donar a con\u00e8ixer els nostres serveis, per\u00f2 no podem controlar la seva utilitzaci\u00f3 de forma diferent a la prevista en aquests Termes i Condicions d&#8217;\u00das. Per tant, l&#8217;acc\u00e9s i \u00fas correcte de la informaci\u00f3 continguda en la P\u00e0gina Web \u00e9s responsabilitat de l&#8217;Usuari, no sent nosaltres responsables per l&#8217;\u00fas incorrecte, il\u00b7l\u00edcit o negligent que del mateix pogu\u00e9s fer l&#8217;Usuari.<\/p>\n<h5><i>Continguts<\/i><\/h5>\n<p>Realitzarem els nostres millors esfor\u00e7os perqu\u00e8, en la mesura que sigui possible, tots els Continguts de la P\u00e0gina Web estiguin actualitzats i vigents; no obstant aix\u00f2, no assumim cap responsabilitat respecte a l&#8217;\u00fas o acc\u00e9s que realitzin els Usuaris fora de l&#8217;\u00e0mbit merament informatiu que t\u00e9 la P\u00e0gina Web. Aix\u00ed mateix, no podem controlar els Continguts que no hagin estat elaborats per nosaltres o per tercers complint el nostre enc\u00e0rrec, per la qual cosa no respondrem en cap cas dels danys, Continguts i indisponibilitats t\u00e8cniques que puguin causar-se per part de dites terceres. De conformitat amb l&#8217;anterior, en cap cas la P\u00e0gina Web o els seus Continguts constitueixen ni substitueixen cap mena d&#8217;assessorament legal personalitzat per a l&#8217;Usuari.<\/p>\n<h5><i>Virus<\/i><\/h5>\n<p>Realitzarem, directament o a trav\u00e9s dels nostres prove\u00efdors tecnol\u00f2gics, els nostres millors esfor\u00e7os a aplicar les mesures oportunes al nostre abast per a intentar garantir a l&#8217;Usuari l&#8217;abs\u00e8ncia de virus, cucs, troians, spam o qualsevol altre element inform\u00e0tic nociu en la seva P\u00e0gina Web.<\/p>\n<p>No obstant aix\u00f2, aquestes mesures no s\u00f3n infal\u00b7libles, per la qual cosa no podem assegurar la total abs\u00e8ncia d&#8217;aquests elements indesitjables. En conseq\u00fc\u00e8ncia, no serem responsable dels danys que els mateixos poguessin produir a l&#8217;Usuari.<\/p>\n<h5><i>Errors tecnol\u00f2gics<\/i><\/h5>\n<p>Hem posat els mitjans necessaris al nostre abast per a la continu\u00eftat d&#8217;aquesta P\u00e0gina Web i realitzarem els nostres millors esfor\u00e7os perqu\u00e8 la mateixa no sofreixi interrupcions, per\u00f2 no podem garantir l&#8217;abs\u00e8ncia d&#8217;errors tecnol\u00f2gics i la permanent disponibilitat de la P\u00e0gina Web i els seus Continguts.<\/p>\n<p>En conseq\u00fc\u00e8ncia, no assumim cap responsabilitat pels danys i perjudicis que puguin generar-se per la falta de disponibilitat i per les fallades en l&#8217;acc\u00e9s ocasionats per desconnexions, avaries, sobrec\u00e0rregues o caigudes de la xarxa que no ens siguin imputables.<\/p>\n<h4><i>Llei aplicable i jurisdicci\u00f3<\/i><\/h4>\n<p>La Llei aplicable en cas de disputa o conflicte d&#8217;interpretaci\u00f3 dels termes que conformen aquests Termes i Condicions d&#8217;\u00das, aix\u00ed com qualsevol q\u00fcesti\u00f3 relacionada amb els serveis de la present P\u00e0gina Web, ser\u00e0 l&#8217;espanyola. Sense perjudici dels drets que poguessin assistir-li a l&#8217;Usuari en la seva condici\u00f3 de consumidor o usuari, per a la resoluci\u00f3 de qualsevol conflicte que pugui sorgir en ocasi\u00f3 de la visita a la P\u00e0gina Web, nosaltres i l&#8217;Usuari acordem sotmetre&#8217;ns a la compet\u00e8ncia i jurisdicci\u00f3 dels jutjats i tribunals de Barcelona.<\/p>\n","protected":false},"excerpt":{"rendered":"<p>Informaci\u00f3 Doria T\u00f6lle &amp; Associats SLP \u00e9s un despatx d&#8217;advocats amb domicili a Barcelona (Espanya), Balmes 297, 3\u00ba 2\u00aaB \u2013 08006 Barcelona i NIF B-67289132, inscrita en el Registre Mercantil de Barcelona al tom 46583, foli 120, fulla 524575, inscripci\u00f3 1a (d&#8217;ara endavant, \u201cDoria T\u00f6lle\u201d, \u201cnosaltres\u201d o \u201cens\u201d). Condicions generals d&#8217;\u00fas La utilitzaci\u00f3 de la p\u00e0gina web www.doriatolle.com (la \u201cP\u00e0gina&#8230;<\/p>\n","protected":false},"author":1,"featured_media":0,"parent":0,"menu_order":0,"comment_status":"closed","ping_status":"closed","template":"my-templates\/template-fullwidth.php","meta":[],"_links":{"self":[{"href":"https:\/\/doriatolle.com\/index.php\/wp-json\/wp\/v2\/pages\/2475"}],"collection":[{"href":"https:\/\/doriatolle.com\/index.php\/wp-json\/wp\/v2\/pages"}],"about":[{"href":"https:\/\/doriatolle.com\/index.php\/wp-json\/wp\/v2\/types\/page"}],"author":[{"embeddable":true,"href":"https:\/\/doriatolle.com\/index.php\/wp-json\/wp\/v2\/users\/1"}],"replies":[{"embeddable":true,"href":"https:\/\/doriatolle.com\/index.php\/wp-json\/wp\/v2\/comments?post=2475"}],"version-history":[{"count":7,"href":"https:\/\/doriatolle.com\/index.php\/wp-json\/wp\/v2\/pages\/2475\/revisions"}],"predecessor-version":[{"id":3214,"href":"https:\/\/doriatolle.com\/index.php\/wp-json\/wp\/v2\/pages\/2475\/revisions\/3214"}],"wp:attachment":[{"href":"https:\/\/doriatolle.com\/index.php\/wp-json\/wp\/v2\/media?parent=2475"}],"curies":[{"name":"wp","href":"https:\/\/api.w.org\/{rel}","templated":true}]}}