{"id":2481,"date":"2019-04-01T16:36:34","date_gmt":"2019-04-01T14:36:34","guid":{"rendered":"http:\/\/doriatolle.com\/?page_id=2481"},"modified":"2020-09-08T16:59:24","modified_gmt":"2020-09-08T14:59:24","slug":"politica-de-cookies-2","status":"publish","type":"page","link":"https:\/\/doriatolle.com\/index.php\/ca\/politica-de-cookies-2\/","title":{"rendered":"Pol\u00edtica de cookies"},"content":{"rendered":"<p style=\"margin-bottom: 12px;\">La nostra p\u00e0gina web <a href=\"http:\/\/www.doriatolle.com\">www.doriatolle.com<\/a>, titularitat de Doria T\u00f6lle &amp; Associats SLP (la \u201cP\u00e0gina Web\u201d), utilitza una tecnologia denominada \u201ccookies\u201d per a recaptar informaci\u00f3 sobre el seu \u00fas.<\/p>\n<p>L&#8217;informem que podem utilitzar cookies en el seu equip a condici\u00f3 que vost\u00e8 hagi donat el seu consentiment, excepte en els sup\u00f2sits en els quals les cookies siguin necess\u00e0ries per a la navegaci\u00f3 per la P\u00e0gina Web. A aquest efecte, li indiquem que la utilitzaci\u00f3 de les diferents cookies per la nostra P\u00e0gina Web ens permet distingir-li a vost\u00e8 d&#8217;altres usuaris i identificar problemes per a millorar la nostra P\u00e0gina Web.<\/p>\n<h4><em>Cookies<\/em><\/h4>\n<p>Una cookie \u00e9s un fitxer que es descarrega en el seu equip en accedir a determinades p\u00e0gines web. Les cookies permeten emmagatzemar i recuperar informaci\u00f3 sobre els h\u00e0bits de navegaci\u00f3 d&#8217;un usuari o del seu equip i, depenent de la informaci\u00f3 que continguin i de la forma en qu\u00e8 utilitzi el seu equip, poden utilitzar-se per a recon\u00e8ixer a l&#8217;usuari.<\/p>\n<h4><em>Tipus de cookies que utiltizem<\/em><\/h4>\n<p>El titular de la P\u00e0gina Web pot utilitzar cookies per a les quals no \u00e9s necessari obtenir el consentiment dels usuaris, per estar excloses de l&#8217;\u00e0mbit d&#8217;aplicaci\u00f3 de l&#8217;apartat 2 de l&#8217;article 22 de la Llei 34\/2002, d&#8217;11 de juliol, de serveis de la societat de la informaci\u00f3 i de comer\u00e7 electr\u00f2nic.<\/p>\n<h5 style=\"margin-bottom: 12px;\"><em>Cookies pr\u00f2pies<\/em><\/h5>\n<p style=\"margin-bottom: 12px;\">Aquesta P\u00e0gina Web instal\u00b7la les seg\u00fcents cookies pr\u00f2pies:<\/p>\n<p style=\"margin-bottom: 12px;\">Cookies t\u00e8cniques: S\u00f3n aquelles que permeten a l&#8217;usuari la navegaci\u00f3 a trav\u00e9s d&#8217;una p\u00e0gina web, plataforma o aplicaci\u00f3 i la utilitzaci\u00f3 de les diferents opcions o serveis que en ella existeixin com, per exemple, controlar el tr\u00e0nsit i la comunicaci\u00f3 de dades, identificar la sessi\u00f3, utilitzar elements de seguretat durant la navegaci\u00f3, emmagatzemar continguts per a la difusi\u00f3 de v\u00eddeos o so o compartir continguts a trav\u00e9s de xarxes socials.<\/p>\n<h5 style=\"margin-bottom: 12px;\"><em>Cookies de tercers<\/em><\/h5>\n<p style=\"margin-bottom: 12px;\">Aquesta P\u00e0gina Web utilitza les seg\u00fcents cookies de tercers:<\/p>\n<p>Cookies anal\u00edtiques: Aquestes cookies s\u00f3n instal\u00b7lades per Google, Inc., societat de Delaware amb oficina principal en 1600 Amphitheatre Parkway, Mountain View (Calif\u00f2rnia), CA 94043, Estats Units d&#8217;Am\u00e8rica. Juntament amb els arxius de registre del servidor, ens permeten con\u00e8ixer el nombre total de persones que visiten la P\u00e0gina Web i aquelles parts del mateix que gaudeixen de major popularitat. Gr\u00e0cies a elles obtenim una informaci\u00f3 que pot ajudar-nos a millorar la navegaci\u00f3 i donar un millor servei als usuaris. Aquest tipus de cookies ens ajuden, en definitiva, a millorar l&#8217;\u00fas i l&#8217;experi\u00e8ncia d&#8217;\u00fas de la nostra P\u00e0gina Web.<\/p>\n<h4><em>Revocaci\u00f3 del consentiment<\/em><\/h4>\n<p>En qualsevol cas, l&#8217;informem que, at\u00e8s que les cookies no s\u00f3n necess\u00e0ries per a l&#8217;\u00fas de la P\u00e0gina Web, vost\u00e8 pot revocar el seu consentiment per a l&#8217;\u00fas de cookies en qualsevol moment bloquejant-les a trav\u00e9s de la configuraci\u00f3 del seu navegador (pot veure m\u00e9s detalls a baix). La pr\u00e0ctica majoria dels navegadors permeten advertir de la pres\u00e8ncia de cookies o rebutjar-les autom\u00e0ticament. Si les rebutja, podr\u00e0 continuar usant la nostra P\u00e0gina Web, encara que l&#8217;\u00fas d&#8217;alguns dels seus serveis podr\u00e0 ser limitat. No obstant aix\u00f2, cal assenyalar que si usa les configuracions del seu navegador per a bloquejar totes les cookies (incloses les cookies fonamentals) pot ser que no tingui acc\u00e9s a la totalitat o part de la nostra P\u00e0gina Web.<\/p>\n<h4 id=\"configure\"><em>Consentiment<\/em><\/h4>\n<p>Tingui en compte que, si accepta les cookies de tercers i m\u00e9s endavant desitja eliminar-les permanentment, haur\u00e0 de fer-ho des de les opcions del navegador m\u00e9s a baix indicades ja que la revocaci\u00f3 impedir\u00e0 el seu \u00fas, per\u00f2 no les eliminar\u00e0 en ser cookies de tercers.<\/p>\n<h4><em>Com rebutjar i revocar el seu consentiment<\/em><\/h4>\n<p>Pot rebutjar l&#8217;\u00fas de cookies en aquesta P\u00e0gina Web i revocar el seu consentiment o continuar usant-les. Configuri les cookies triant l&#8217;opci\u00f3 desitjada:<\/p>\n<div class=\"cookie-revoke-container\" style=\"color: #fff;\"><span id=\"cn-revoke-buttons\" class=\"cn-buttons-container\"><a id=\"cn-refuse-cookie\" class=\"cn-set-cookie cn-button bootstrap\" style=\"margin-right: 12px; margin-bottom: 12px;\" href=\"https:\/\/doriatolle.com\/index.php\/ca\/voste-primer\/\" data-cookie-set=\"refuse\" aria-label=\"Rechazar\">Rechazar cookies<\/a><a id=\"cn-accept-cookie\" class=\"cn-set-cookie cn-button bootstrap\" href=\"https:\/\/doriatolle.com\/index.php\/ca\/voste-primer\/\" data-cookie-set=\"accept\" aria-label=\"Aceptar\">Seguir us\u00e1ndolas<\/a><br \/>\n<\/span><\/div>\n<h4><em>Supressi\u00f3 de cookies<\/em><\/h4>\n<p style=\"margin-bottom: 12px;\">Tamb\u00e9 podr\u00e0 suprimir, bloquejar o deshabilitar les cookies en qualsevol moment mitjan\u00e7ant la configuraci\u00f3 de navegaci\u00f3 del seu navegador.<\/p>\n<p style=\"margin-bottom: 12px;\">Per a m\u00e9s informaci\u00f3 sobre la manera de gestionar les cookies o de revocar el consentiment per a l&#8217;\u00fas d&#8217;aquestes, li remetem a l&#8217;enlla\u00e7 pertinent en funci\u00f3 del navegador:<\/p>\n<p><a href=\"https:\/\/support.google.com\/chrome\/answer\/95647?co=GENIE.Platform%3DAndroid&amp;hl=ca\" target=\"_blank\" rel=\"noopener noreferrer\">Google Chrome<\/a><br \/>\n<a href=\"https:\/\/support.microsoft.com\/es-es\/help\/17442\/windows-internet-explorer-delete-manage-cookies\" target=\"_blank\" rel=\"noopener noreferrer\">Microsoft Internet Explorer<\/a><br \/>\n<a href=\"https:\/\/support.mozilla.org\/es\/kb\/Deshabilitar%20cookies%20de%20terceros\" target=\"_blank\" rel=\"noopener noreferrer\">Mozilla Firefox<\/a><br \/>\n<a href=\"https:\/\/support.apple.com\/ca-es\/guide\/safari\/sfri11471\/mac\" target=\"_blank\" rel=\"noopener noreferrer\">Safari<\/a><\/p>\n<h4><em>Canvis en la pol\u00edtica de cookies<\/em><\/h4>\n<p>\u00c9s possible que actualitzem la pol\u00edtica de cookies de la nostra P\u00e0gina Web. Per aix\u00f2, li recomanem revisar aquesta pol\u00edtica cada vegada que accedeixi a la nostra P\u00e0gina Web amb l&#8217;objectiu d&#8217;estar adequadament informat sobre com i per a qu\u00e8 usem les cookies.<\/p>\n<h4><em>Contacte<\/em><\/h4>\n<p style=\"margin-bottom: 24px;\">Si tingu\u00e9s alguna q\u00fcesti\u00f3 o comentari sobre la pol\u00edtica de cookies, pot contactar-nos en l&#8217;adre\u00e7a de correu electr\u00f2nic <a href=\"mailto:legal@doriatolle.com\">legal@doriatolle.com<\/a>.<\/p>\n","protected":false},"excerpt":{"rendered":"<p>La nostra p\u00e0gina web www.doriatolle.com, titularitat de Doria T\u00f6lle &amp; Associats SLP (la \u201cP\u00e0gina Web\u201d), utilitza una tecnologia denominada \u201ccookies\u201d per a recaptar informaci\u00f3 sobre el seu \u00fas. L&#8217;informem que podem utilitzar cookies en el seu equip a condici\u00f3 que vost\u00e8 hagi donat el seu consentiment, excepte en els sup\u00f2sits en els quals les cookies siguin necess\u00e0ries per a la&#8230;<\/p>\n","protected":false},"author":1,"featured_media":0,"parent":0,"menu_order":0,"comment_status":"closed","ping_status":"closed","template":"my-templates\/template-fullwidth.php","meta":[],"_links":{"self":[{"href":"https:\/\/doriatolle.com\/index.php\/wp-json\/wp\/v2\/pages\/2481"}],"collection":[{"href":"https:\/\/doriatolle.com\/index.php\/wp-json\/wp\/v2\/pages"}],"about":[{"href":"https:\/\/doriatolle.com\/index.php\/wp-json\/wp\/v2\/types\/page"}],"author":[{"embeddable":true,"href":"https:\/\/doriatolle.com\/index.php\/wp-json\/wp\/v2\/users\/1"}],"replies":[{"embeddable":true,"href":"https:\/\/doriatolle.com\/index.php\/wp-json\/wp\/v2\/comments?post=2481"}],"version-history":[{"count":14,"href":"https:\/\/doriatolle.com\/index.php\/wp-json\/wp\/v2\/pages\/2481\/revisions"}],"predecessor-version":[{"id":3124,"href":"https:\/\/doriatolle.com\/index.php\/wp-json\/wp\/v2\/pages\/2481\/revisions\/3124"}],"wp:attachment":[{"href":"https:\/\/doriatolle.com\/index.php\/wp-json\/wp\/v2\/media?parent=2481"}],"curies":[{"name":"wp","href":"https:\/\/api.w.org\/{rel}","templated":true}]}}