{"id":2699,"date":"2020-04-01T16:40:08","date_gmt":"2020-04-01T14:40:08","guid":{"rendered":"http:\/\/doriatolle.com\/?page_id=2699"},"modified":"2023-03-14T02:46:24","modified_gmt":"2023-03-14T00:46:24","slug":"condizioni-di-utilizzo","status":"publish","type":"page","link":"https:\/\/doriatolle.com\/index.php\/it\/condizioni-di-utilizzo\/","title":{"rendered":"Condizioni di utilizzo"},"content":{"rendered":"\n<h4><em>Informazioni<\/em><\/h4>\n\n\n\n<p>Doria T\u00f6lle &amp; Asociados SLP \u00e8 uno studio legale con sede a Barcellona (Spagna) in Balmes 297, 3\u00ba 2\u00aaB \u2013 08006 Barcelona, con codice fiscale B-67289132 e iscritto al Registro di Commercio di Barcellona al libro 46583, foglio 120, pagina 524575, iscrizione 1 (di seguito &#8220;Doria T\u00f6lle&#8221;, &#8220;noi&#8221; o &#8220;ci&#8221;).<\/p>\n\n\n\n<h4><em>Condizioni generali<\/em><\/h4>\n\n\n\n<p>L&#8217;utilizzo del sito web <a href=\"http:\/\/www.doriatolle.com\">www.doriatolle.com<\/a> (il Sito) e di tutti gli URL, <em>sub-domain<\/em> e directory inclusi nello stesso, nonch\u00e9 dei servizi o contenuti che si possono ottenere attraverso il Sito, sono soggetti ai termini dettagliati nei presenti termini e condizioni (i &#8220;T&amp;C&#8221;), fermo restando che alcuni di questi servizi o contenuti possono richiedere l&#8217;accettazione di specifici termini e condizioni generali, particolari o aggiuntivi. Pertanto, se le considerazioni menzionate nei T&amp;C non soddisfano la vostra conformit\u00e0, siete pregati di non utilizzare il Sito, in quanto qualsiasi uso che ne facciate o dei servizi e contenuti in esso inclusi, vi attribuir\u00e0 la condizione di utente del Sito (l'&#8221;Utente&#8221; o &#8220;voi&#8221;), che implica l&#8217;accettazione dei T&amp;C.<\/p>\n\n\n\n<p>Data la natura di Internet e la possibilit\u00e0 che l&#8217;Utente possa accedere a questo Sito da qualsiasi parte del mondo, i contenuti e i servizi da noi generalmente messi a disposizione sono rivolti a clienti che possono trovarsi in qualsiasi paese. Nonostante quanto sopra, quando si richiede uno qualsiasi dei servizi o dei contenuti offerti, ci riserviamo il diritto di non fornire servizi o di inviare contenuti secondo i nostri soli criteri quando lo riteniamo opportuno.<\/p>\n\n\n\n<p>Ci riserviamo\ninoltre il diritto di apportare periodicamente modifiche al Sito senza\npreavviso, allo scopo di aggiornare, emendare, modificare, aggiungere,\ncancellare i contenuti o il design del Sito Web. Poich\u00e9 l&#8217;aggiornamento delle\ninformazioni non \u00e8 immediato, vi suggeriamo di verificare la validit\u00e0 e\nl&#8217;accuratezza delle informazioni, dei servizi o dei contenuti del Sito.<\/p>\n\n\n\n<p>I T&amp;C possono variare di volta in volta, per cui \u00e8 necessario esaminare questi T&amp;C quando si visita di nuovo il Sito o si richiede un nuovo servizio. Inoltre, i T&amp;C si intendono applicabili in assenza di altri termini e condizioni generali e\/o particolari che regolano l&#8217;accesso a servizi o prodotti concreti presenti sul Sito e che devono essere accettati dall&#8217;utente prima di iniziare il servizio corrispondente.<\/p>\n\n\n\n<h4><em>Diritti di propriet\u00e0 intellettuale<\/em><\/h4>\n\n\n\n<p>Tutti i contenuti del presente Sito, inclusi, a titolo esemplificativo e non esaustivo, il design del Sito, i codici sorgente, i loghi, le immagini, i marchi e gli altri segni distintivi (i &#8220;Contenuti&#8221;) appartengono ai rispettivi autori e sono protetti dai rispettivi diritti di propriet\u00e0 intellettuale. Il loro uso, riproduzione, distribuzione, comunicazione pubblica, trasformazione o qualsiasi altra azione simile, \u00e8 totalmente vietata senza l&#8217;espressa autorizzazione scritta del suo autore o del titolare dei diritti.<\/p>\n\n\n\n<h4><em>Cookies<\/em><\/h4>\n\n\n\n<p>Il Sito utilizza i nostri <em>cookies<\/em> tecnici o quelli di terze parti necessari per identificare e gestire la sessione nel vostro navigatore. I <em>cookies<\/em> sono piccoli file di dati che vengono scaricati nel vostro dispositivo allo scopo di raccogliere dati che possono essere aggiornati e raccolti dall&#8217;ente responsabile della loro installazione. I nostri <em>cookies<\/em> non danneggiano il vostro dispositivo e sono necessari per il corretto funzionamento del nostro Sito.<\/p>\n\n\n\n<p>In ogni caso, potete bloccare o disattivare i <em>cookies<\/em> nella configurazione del vostro navigatore, il che permette di rifiutare l&#8217;installazione di tutti o di alcuni dei <em>cookies<\/em>. Tali azioni possono limitare l&#8217;utilizzo di alcuni dei servizi o contenuti del Sito.<\/p>\n\n\n\n<h4><em>Link a siti web di terzi<\/em><\/h4>\n\n\n\n<p>Da questo Sito \u00e8 possibile che vi venga fornito l&#8217;accesso a siti web di terze parti che possono essere di vostro interesse (i &#8220;Link&#8221;). Lo scopo di tali Links \u00e8 semplicemente quello di facilitare la ricerca di fonti che possono essere di vostro interesse in Internet. Tuttavia, tali Links non appartengono a noi e non ne rivediamo il contenuto, pertanto non siamo responsabili della stessa, della loro funzione o del potenziale danno che pu\u00f2 derivare dal loro accesso o utilizzo.<\/p>\n\n\n\n<p>A meno che e nella misura da noi espressamente autorizzata caso per caso, non sono consentiti collegamenti da o verso il nostro Sito da parte di terzi.<\/p>\n\n\n\n<h4><em>Framings<\/em><\/h4>\n\n\n\n<p>Noi vietiamo espressamente la creazione di <em>framings<\/em> o l&#8217;uso da parte di terzi di qualsiasi altro meccanismo che possa alterare il design, la configurazione originale o altri Contenuti del Sito.<\/p>\n\n\n\n<h4><em>Privacy<\/em><\/h4>\n\n\n\n<p>Il titolare del trattamento dei vostri dati personali \u00e8 Doria T\u00f6lle.<\/p>\n\n\n\n<p>Vi informiamo che i dati personali da voi volontariamente forniti attraverso i diversi mezzi disponibili a questo scopo saranno trattati per le seguenti finalit\u00e0: (i) identificarvi ed essere in grado di contattarvi; (ii) quando siamo autorizzati a farlo, inviarvi informazioni, con qualsiasi mezzo, sui servizi, eventi, seminari, convegni e altre iniziative da noi promosse; (iii) quando richiesto, inviarvi periodicamente le nostre newsletter e le pubblicazioni di legge in vigore.<\/p>\n\n\n\n<p>La base legale per il trattamento dei vostri dati \u00e8 il vostro consenso e, ove applicabile, il rapporto contrattuale che vi lega a noi.<\/p>\n\n\n\n<p>I dati da voi forniti saranno conservati per il tempo necessario a garantire il rispetto dei nostri obblighi di legge.<\/p>\n\n\n\n<p>I vostri dati potranno essere consultati dai fornitori di servizi e dai fornitori con i quali abbiamo stipulato i relativi contratti, ove necessario per garantire il nostro rapporto con i contatti e i clienti. In ogni caso, saranno adottate le necessarie misure legali e organizzative per garantire la sicurezza e l&#8217;accesso ai dati.<\/p>\n\n\n\n<p>Ai sensi della normativa vigente in materia di protezione dei dati, l&#8217;utente pu\u00f2 revocare in qualsiasi momento l&#8217;autorizzazione concessa per il trattamento ed esercitare i diritti di accesso, rettifica, cancellazione, opposizione e portabilit\u00e0, nonch\u00e9 il diritto di richiedere la limitazione del trattamento dei propri dati personali. A tal fine, potete scriverci, allegando una copia del documento comprovante la vostra identit\u00e0, inviando una e-mail a <a href=\"mailto:legal@doriatolle.com\">legal@doriatolle.com<\/a>.<\/p>\n\n\n\n<p>La informiamo inoltre del vostro diritto di presentare un reclamo all&#8217;agenzia spagnola per la protezione dei dati personali.<\/p>\n\n\n\n<h4><em>Responsabilit\u00e0 dell&#8217;utente<\/em><\/h4>\n\n\n\n<p>L&#8217;Utente si impegna ad utilizzare i servizi del Sito in conformit\u00e0 alla legge e ai T&amp;C, essendo responsabile del suo corretto utilizzo. L&#8217;Utente che agisca contro la nostra immagine, il nostro buon nome o la nostra reputazione e\/o che utilizzi i Contenuti del Sito in modo illegale e\/o fraudolento e\/o agisca in qualsiasi modo contro i diritti di propriet\u00e0 intellettuale del Sito o i Contenuti e i servizi dello stesso, sar\u00e0 ritenuto responsabile della sua attivit\u00e0.<\/p>\n\n\n\n<h4><em>Esclusione di responsabilit\u00e0 di Doria T\u00f6lle<\/em><\/h4>\n\n\n\n<h5><em>Uso non corretto<\/em><\/h5>\n\n\n\n<p>Abbiamo creato il Sito per far conoscere i nostri servizi, ma non possiamo controllare o monitorare il suo utilizzo in modo diverso da quello previsto nei T&amp;C. Pertanto, l&#8217;Accesso e il corretto utilizzo delle informazioni contenute nel Sito sono di esclusiva responsabilit\u00e0 dell&#8217;Utente e non saremo ritenuti responsabili per l&#8217;uso scorretto, illecito o negligente delle stesse.<\/p>\n\n\n\n<h5><em>Contenuti<\/em><\/h5>\n\n\n\n<p>Dedicheremo i nostri migliori sforzi, per quanto ragionevolmente possibile, a tutti i Contenuti del sito web sono aggiornati e validi. Tuttavia, non saremo responsabili per l&#8217;uso o l&#8217;accesso da parte degli Utenti al di l\u00e0 del mero scopo informativo del Sito. Inoltre, non possiamo controllare i Contenuti non preparati da noi (o da terzi che seguono le nostre istruzioni), per cui non saremo ritenuti responsabili per eventuali danni causati dai Contenuti o da guasti tecnici di terzi. In conformit\u00e0 a quanto sopra, in nessun caso il Sito web o i suoi Contenuti saranno considerati come consulenza legale all&#8217;Utente.<\/p>\n\n\n\n<h5><em>Virus<\/em><\/h5>\n\n\n\n<p>Dedicheremo i nostri ragionevoli sforzi per applicare, direttamente o attraverso fornitori o tecnici, misure appropriate per cercare di garantire all&#8217;Utente l&#8217;assenza di virus, <em>worm<\/em>, troiani, <em>spam<\/em> o qualsiasi altro elemento informatico dannoso nel nostro Sito. Tuttavia, tali misure non sono infallibili e non possiamo assicurare la totale assenza di tali elementi indesiderati, per cui non saremo responsabili per qualsiasi danno che potrebbero produrre sull&#8217;Utente.<\/p>\n\n\n\n<h5><em>Errori tecnologici<\/em><\/h5>\n\n\n\n<p>Abbiamo messo in atto le misure adeguate e ragionevoli per la continuit\u00e0 di questo Sito per evitare interruzioni, ma non possiamo garantire l&#8217;assenza di errori o guasti tecnologici n\u00e9 la disponibilit\u00e0 permanente del Sito o dei suoi Contenuti. Pertanto, non ci assumiamo alcuna responsabilit\u00e0 per i danni o le perdite che possono essere generati a causa della mancanza di disponibilit\u00e0 o per i guasti dell&#8217;accesso causati da guasti, sovraccarichi, mancanza di servizio della rete o qualsiasi malfunzionamento simile non imputabile a noi.<\/p>\n\n\n\n<h4><em>Scelta della legge e della giurisdizione<\/em><\/h4>\n\n\n\n<p>In caso di controversia o conflitto nell&#8217;interpretazione dei presenti T&amp;C, cos\u00ec come per qualsiasi altra questione relativa ai servizi del Sito web, si applicher\u00e0 il diritto comune spagnolo. Nonostante qualsiasi diritto a cui l&#8217;Utente nella sua condizione di consumatore o di utente finale possa avere diritto in base a qualsiasi disposizione imperativa della legge spagnola applicabile, noi e l&#8217;Utente sottoponiamo espressamente la risoluzione di qualsiasi conflitto che possa sorgere in occasione della visita dell&#8217;Utente al Sito web alla competenza e alla giurisdizione dei tribunali della citt\u00e0 di Barcellona, Spagna.<\/p>\n","protected":false},"excerpt":{"rendered":"<p>Informazioni Doria T\u00f6lle &amp; Asociados SLP \u00e8 uno studio legale con sede a Barcellona (Spagna) in Balmes 297, 3\u00ba 2\u00aaB \u2013 08006 Barcelona, con codice fiscale B-67289132 e iscritto al Registro di Commercio di Barcellona al libro 46583, foglio 120, pagina 524575, iscrizione 1 (di seguito &#8220;Doria T\u00f6lle&#8221;, &#8220;noi&#8221; o &#8220;ci&#8221;). Condizioni generali L&#8217;utilizzo del sito web www.doriatolle.com (il Sito)&#8230;<\/p>\n","protected":false},"author":1,"featured_media":0,"parent":0,"menu_order":0,"comment_status":"closed","ping_status":"closed","template":"my-templates\/template-fullwidth.php","meta":[],"_links":{"self":[{"href":"https:\/\/doriatolle.com\/index.php\/wp-json\/wp\/v2\/pages\/2699"}],"collection":[{"href":"https:\/\/doriatolle.com\/index.php\/wp-json\/wp\/v2\/pages"}],"about":[{"href":"https:\/\/doriatolle.com\/index.php\/wp-json\/wp\/v2\/types\/page"}],"author":[{"embeddable":true,"href":"https:\/\/doriatolle.com\/index.php\/wp-json\/wp\/v2\/users\/1"}],"replies":[{"embeddable":true,"href":"https:\/\/doriatolle.com\/index.php\/wp-json\/wp\/v2\/comments?post=2699"}],"version-history":[{"count":5,"href":"https:\/\/doriatolle.com\/index.php\/wp-json\/wp\/v2\/pages\/2699\/revisions"}],"predecessor-version":[{"id":3215,"href":"https:\/\/doriatolle.com\/index.php\/wp-json\/wp\/v2\/pages\/2699\/revisions\/3215"}],"wp:attachment":[{"href":"https:\/\/doriatolle.com\/index.php\/wp-json\/wp\/v2\/media?parent=2699"}],"curies":[{"name":"wp","href":"https:\/\/api.w.org\/{rel}","templated":true}]}}